{"id":134,"date":"2025-04-30T16:41:41","date_gmt":"2025-04-30T16:41:41","guid":{"rendered":"https:\/\/anaferreiraleonardo.com\/?page_id=134"},"modified":"2025-05-06T16:00:44","modified_gmt":"2025-05-06T16:00:44","slug":"bem-vindoa","status":"publish","type":"page","link":"https:\/\/anaferreiraleonardo.com\/","title":{"rendered":"Bem vindo(a)"},"content":{"rendered":"\n<h2 class=\"wp-block-heading\"><strong>Sobre Ana Ferreira Leonardo, PhD<\/strong><\/h2>\n\n\n\n<p>Sou Ana Ferreira Leonardo, psicoterapeuta com mais de 10 anos de experi\u00eancia e doutorada pela Universidade de Lisboa, com um percurso que integra viv\u00eancias em contextos empresariais e terap\u00eauticos. Acompanho adultos e fam\u00edlias em processos de autoconhecimento, cura emocional e desenvolvimento integral, aliando uma vis\u00e3o cient\u00edfica a uma escuta sens\u00edvel e profunda da complexidade humana.<\/p>\n\n\n\n<p>Acredito que cada pessoa carrega dentro de si todos os recursos necess\u00e1rios para transformar a sua vida \u2014 e \u00e9 nesse reencontro com a sua ess\u00eancia e o seu poder pessoal que reside a verdadeira mudan\u00e7a. O meu trabalho tem como prop\u00f3sito facilitar processos de transforma\u00e7\u00e3o pessoal profunda, onde cada indiv\u00edduo \u00e9 convidado a libertar o seu potencial mais genu\u00edno e a cocriar, com consci\u00eancia, a vida que realmente deseja \u2014 com mais plenitude, prop\u00f3sito e autenticidade.<\/p>\n\n\n\n<p>Disponibilizo sess\u00f5es individuais e programas de transforma\u00e7\u00e3o personalizados, pensados para quem procura mudan\u00e7as consistentes e significativas, com impacto real no bem-estar, nas rela\u00e7\u00f5es e no sentido da vida.<\/p>\n\n\n\n<h2 class=\"wp-block-heading\"><strong>Servi\u00e7os Principais<\/strong><\/h2>\n\n\n\n<h4 class=\"wp-block-heading\"><strong>Psicoterapia Individual<\/strong> <\/h4>\n\n\n\n<p>Acompanhamento personalizado, com foco no seu crescimento interno e bem-estar integral. Um espa\u00e7o de escuta emp\u00e1tica e profunda, para que possa explorar e superar os desafios emocionais e psicol\u00f3gicos que impactam a sua vida. <\/p>\n\n\n\n<h4 class=\"wp-block-heading\"><strong>Acompanhamento de Adolescentes e Casais<\/strong><\/h4>\n\n\n\n<p>Acompanhamento din\u00e2mico e integrativo no trabalho com adolescentes que envolve, sempre que necess\u00e1rio, o di\u00e1logo com os cuidadores e o contexto familiar. Com casais, foco no fortalecimento dos v\u00ednculos, na melhoria da comunica\u00e7\u00e3o e na constru\u00e7\u00e3o de rela\u00e7\u00f5es mais conscientes e equilibradas.<\/p>\n\n\n\n<h4 class=\"wp-block-heading\"><strong>Workshops e Programas de Desenvolvimento Pessoal<\/strong><\/h4>\n\n\n\n<p>Programas estruturados para quem busca transforma\u00e7\u00e3o real e significativa. Focados no desbloqueio do potencial interior, estas a\u00e7\u00f5es de forma\u00e7\u00e3o oferecem ferramentas para mudan\u00e7as profundas, duradouras e com impacto direto no bem-estar e prop\u00f3sito de vida.<\/p>\n\n\n\n<h4 class=\"wp-block-heading\"><strong>Terapias Hol\u00edsticas<\/strong><\/h4>\n\n\n\n<p>As terapias energ\u00e9ticas s\u00e3o indicadas para aqueles que preferem uma abordagem mais subtil e t\u00e1ctil, ao inv\u00e9s de uma interven\u00e7\u00e3o de cariz verbal. Utilizo pr\u00e1ticas como Barras de Access, Facelift Energ\u00e9tico e Apometria Qu\u00e2ntica, que atuam no equil\u00edbrio e desbloqueio energ\u00e9tico, f\u00edsico e emocional. Estas terapias s\u00e3o ideais para quem busca transforma\u00e7\u00e3o e reconex\u00e3o profunda sem necessidade de falar excessivamente.<\/p>\n\n\n\n<h4 class=\"wp-block-heading\"><strong>Bem-Estar nas Empresas<\/strong><\/h4>\n\n\n\n<p>Protocolos de colabora\u00e7\u00e3o com empresas que valorizam o cuidado integral das suas equipas. Inclui sess\u00f5es de psicoterapia, programas de bem-estar emocional e a\u00e7\u00f5es de forma\u00e7\u00e3o, tanto no formato presencial como online.<\/p>\n\n\n\n<h4 class=\"wp-block-heading\"><strong>Sess\u00f5es Online e Presenciais<\/strong><\/h4>\n\n\n\n<p>As sess\u00f5es est\u00e3o dispon\u00edveis de forma presencial ou online, adaptando-se \u00e0 sua disponibilidade e necessidade.<\/p>\n\n\n\n<h2 class=\"wp-block-heading\">Testemunhos<\/h2>\n\n\n\n<div class=\"wp-block-columns is-layout-flex wp-container-core-columns-is-layout-9d6595d7 wp-block-columns-is-layout-flex\">\n<div class=\"wp-block-column is-layout-flow wp-block-column-is-layout-flow\">\n<p class=\"has-white-background-color has-background\"><em>&#8220;Perder uma pessoa t\u00e3o importante na minha vida foi devastador. Sentia-me perdida, sem rumo e sem for\u00e7as para seguir em frente. A Ana entrou na minha vida num momento de imensa dor e conseguiu proporcionar um espa\u00e7o seguro onde eu pude, aos poucos, me reconectar comigo mesma. Com a sua escuta atenta, empatia e t\u00e9cnicas poderosas, fui capaz de lidar com o luto de uma forma mais leve e com mais clareza. Sou profundamente grata por todo o apoio e transforma\u00e7\u00e3o que vivi durante o processo.&#8221;<\/em> &#8211; Raquel G., Leiria<\/p>\n<\/div>\n\n\n\n<div class=\"wp-block-column is-layout-flow wp-block-column-is-layout-flow\">\n<p class=\"has-background\" style=\"background-color:#e9d3bb\"><em>&#8220;<em>Durante anos vivi com pensamentos obsessivos que me consumiam diariamente. J\u00e1 tinha tentado v\u00e1rios caminhos, mas nada parecia realmente ajudar \u2014 sentia-me preso dentro da minha pr\u00f3pria mente. Trabalhar com a Ana foi um ponto de viragem. Desde o in\u00edcio, senti-me compreendido, sem julgamentos, num espa\u00e7o onde finalmente pude respirar. Hoje sinto uma clareza que h\u00e1 muito n\u00e3o conhecia. O al\u00edvio que encontrei aqui \u00e9 algo por que esperava h\u00e1 muito tempo<\/em>.&#8221;<\/em> &#8211; Rafael C., Lisboa<\/p>\n<\/div>\n\n\n\n<div class=\"wp-block-column is-layout-flow wp-block-column-is-layout-flow\">\n<p class=\"has-white-background-color has-background\"><em>&#8220;<em>C<em>heguei \u00e0 Ana num momento em que j\u00e1 n\u00e3o me reconhecia na minha profiss\u00e3o. Sempre fui apaixonada pelo trabalho, mas sentia-me desgastada, sem dire\u00e7\u00e3o e com a autoestima em ru\u00ednas. As nossas sess\u00f5es foram como uma \u00e2ncora. A Ana ajudou-me a reconstruir o meu olhar sobre mim mesma, a dar espa\u00e7o \u00e0s minhas d\u00favidas sem culpa e, acima de tudo, a reencontrar sentido. Hoje n\u00e3o s\u00f3 recuperei a confian\u00e7a nas minhas capacidades, como fiz um reencontro comigo.<\/em><\/em>&#8220;<\/em> &#8211; Julia F, Cascais<\/p>\n<\/div>\n<\/div>\n\n\n\n<p>Para marca\u00e7\u00e3o de sess\u00f5es&nbsp;ou esclarecimento de d\u00favidas contacte-nos por telefone\/WhatsApp (<strong>+351 932 210 603<\/strong>) ou email (<strong>anassferreira@gmail.com<\/strong>).<\/p>\n\n\n\n<p class=\"has-small-font-size\"><\/p>\n","protected":false},"excerpt":{"rendered":"<p>Sobre Ana Ferreira Leonardo, PhD Sou Ana Ferreira Leonardo, psicoterapeuta com mais de 10 anos de experi\u00eancia e doutorada pela Universidade de Lisboa, com um percurso que integra viv\u00eancias em contextos empresariais e terap\u00eauticos. Acompanho adultos e fam\u00edlias em processos de autoconhecimento, cura emocional e desenvolvimento integral, aliando uma vis\u00e3o cient\u00edfica a uma escuta sens\u00edvel &hellip; <\/p>\n","protected":false},"author":1,"featured_media":0,"parent":0,"menu_order":0,"comment_status":"closed","ping_status":"closed","template":"","meta":{"footnotes":""},"class_list":["post-134","page","type-page","status-publish","hentry"],"_links":{"self":[{"href":"https:\/\/anaferreiraleonardo.com\/index.php?rest_route=\/wp\/v2\/pages\/134","targetHints":{"allow":["GET"]}}],"collection":[{"href":"https:\/\/anaferreiraleonardo.com\/index.php?rest_route=\/wp\/v2\/pages"}],"about":[{"href":"https:\/\/anaferreiraleonardo.com\/index.php?rest_route=\/wp\/v2\/types\/page"}],"author":[{"embeddable":true,"href":"https:\/\/anaferreiraleonardo.com\/index.php?rest_route=\/wp\/v2\/users\/1"}],"replies":[{"embeddable":true,"href":"https:\/\/anaferreiraleonardo.com\/index.php?rest_route=%2Fwp%2Fv2%2Fcomments&post=134"}],"version-history":[{"count":18,"href":"https:\/\/anaferreiraleonardo.com\/index.php?rest_route=\/wp\/v2\/pages\/134\/revisions"}],"predecessor-version":[{"id":287,"href":"https:\/\/anaferreiraleonardo.com\/index.php?rest_route=\/wp\/v2\/pages\/134\/revisions\/287"}],"wp:attachment":[{"href":"https:\/\/anaferreiraleonardo.com\/index.php?rest_route=%2Fwp%2Fv2%2Fmedia&parent=134"}],"curies":[{"name":"wp","href":"https:\/\/api.w.org\/{rel}","templated":true}]}}